{"id":16,"date":"2023-12-12T18:12:11","date_gmt":"2023-12-12T18:12:11","guid":{"rendered":"https:\/\/keen-banzai.217-76-139-240.plesk.page\/?post_type=product&#038;p=16"},"modified":"2025-10-16T05:07:15","modified_gmt":"2025-10-15T19:07:15","slug":"masajeador-de-madera-gear-style-de-madera-maciza","status":"publish","type":"product","link":"https:\/\/keen-banzai.217-76-139-240.plesk.page\/index.php\/product\/masajeador-de-madera-gear-style-de-madera-maciza\/","title":{"rendered":"Masajeador de madera &#8220;Gear-Style&#8221; de madera maciza"},"content":{"rendered":"<p style=\"text-align: center;\">Descubra la m\u00e1xima relajaci\u00f3n con nuestro Masajeador de Madera Gear Style. Fabricado con madera maciza, este masajeador ergon\u00f3mico alivia la tensi\u00f3n y mejora la circulaci\u00f3n. Ideal para aliviar los m\u00fasculos doloridos, combina la artesan\u00eda tradicional con un dise\u00f1o moderno para una experiencia verdaderamente rejuvenecedora. \u00a1Mejore su rutina de cuidado personal hoy mismo para uso dom\u00e9stico o como un obsequio!<br \/>\nUsamos madera recuperada, por lo que los colores y tipos de madera pueden variar.<\/p>\n<p style=\"text-align: center;\">Tama\u00f1o: 21 cm (largo) x 10 cm (alto)<\/p>\n","protected":false},"excerpt":{"rendered":"<p>Descubra la m\u00e1xima relajaci\u00f3n con nuestro Masajeador de Madera Gear Style. Fabricado con madera maciza, este masajeador ergon\u00f3mico alivia la tensi\u00f3n y mejora la circulaci\u00f3n. Ideal para aliviar los m\u00fasculos doloridos, combina la artesan\u00eda tradicional con un dise\u00f1o moderno para una experiencia verdaderamente rejuvenecedora. \u00a1Mejore su rutina de cuidado personal hoy mismo para uso dom\u00e9stico [&hellip;]<\/p>\n","protected":false},"featured_media":1524,"comment_status":"open","ping_status":"closed","template":"","meta":[],"product_brand":[],"product_cat":[49],"product_tag":[22,17,18,20,19],"class_list":{"0":"post-16","1":"product","2":"type-product","3":"status-publish","4":"has-post-thumbnail","6":"product_cat-accesorios-para-la-gente","7":"product_tag-hecho-a-mano","8":"product_tag-madera-maciza","9":"product_tag-accesorios-de-masaje","10":"product_tag-musculo","11":"product_tag-relajante","13":"first","14":"instock","15":"taxable","16":"shipping-taxable","17":"purchasable","18":"product-type-simple"},"yoast_head":"<!-- This site is optimized with the Yoast SEO plugin v26.2 - https:\/\/yoast.com\/wordpress\/plugins\/seo\/ -->\n<title>Masajeador de madera &quot;Gear-Style&quot; de madera maciza - TuTodo-la colecci\u00f3n acogedora<\/title>\n<meta name=\"description\" content=\"Descubra la relajaci\u00f3n definitiva con nuestro masajeador Gear Style. Fabricado en madera maciza, este masajeador ergon\u00f3mico alivia la tensi\u00f3n y mejora la circulaci\u00f3n. Ideal para aliviar los m\u00fasculos doloridos, combina la artesan\u00eda tradicional con un dise\u00f1o moderno para una experiencia verdaderamente rejuvenecedora.\" \/>\n<meta name=\"robots\" content=\"index, follow, max-snippet:-1, max-image-preview:large, max-video-preview:-1\" \/>\n<link rel=\"canonical\" href=\"https:\/\/keen-banzai.217-76-139-240.plesk.page\/index.php\/product\/masajeador-de-madera-gear-style-de-madera-maciza\/\" \/>\n<meta property=\"og:locale\" content=\"en_US\" \/>\n<meta property=\"og:type\" content=\"article\" \/>\n<meta property=\"og:title\" content=\"Masajeador de madera &quot;Gear-Style&quot; de madera maciza - TuTodo-la colecci\u00f3n acogedora\" \/>\n<meta property=\"og:description\" content=\"Descubra la relajaci\u00f3n definitiva con nuestro masajeador Gear Style. Fabricado en madera maciza, este masajeador ergon\u00f3mico alivia la tensi\u00f3n y mejora la circulaci\u00f3n. Ideal para aliviar los m\u00fasculos doloridos, combina la artesan\u00eda tradicional con un dise\u00f1o moderno para una experiencia verdaderamente rejuvenecedora.\" \/>\n<meta property=\"og:url\" content=\"https:\/\/keen-banzai.217-76-139-240.plesk.page\/index.php\/product\/masajeador-de-madera-gear-style-de-madera-maciza\/\" \/>\n<meta property=\"og:site_name\" content=\"TuTodo-la colecci\u00f3n acogedora\" \/>\n<meta property=\"article:modified_time\" content=\"2025-10-15T19:07:15+00:00\" \/>\n<meta property=\"og:image\" content=\"https:\/\/keen-banzai.217-76-139-240.plesk.page\/wp-content\/uploads\/2023\/12\/massager-222.jpg\" \/>\n\t<meta property=\"og:image:width\" content=\"1280\" \/>\n\t<meta property=\"og:image:height\" content=\"720\" \/>\n\t<meta property=\"og:image:type\" content=\"image\/jpeg\" \/>\n<meta name=\"twitter:card\" content=\"summary_large_image\" \/>\n<meta name=\"twitter:label1\" content=\"Est. reading time\" \/>\n\t<meta name=\"twitter:data1\" content=\"1 minute\" \/>\n<script type=\"application\/ld+json\" class=\"yoast-schema-graph\">{\"@context\":\"https:\/\/schema.org\",\"@graph\":[{\"@type\":\"WebPage\",\"@id\":\"https:\/\/keen-banzai.217-76-139-240.plesk.page\/index.php\/product\/masajeador-de-madera-gear-style-de-madera-maciza\/\",\"url\":\"https:\/\/keen-banzai.217-76-139-240.plesk.page\/index.php\/product\/masajeador-de-madera-gear-style-de-madera-maciza\/\",\"name\":\"Masajeador de madera \\\"Gear-Style\\\" de madera maciza - TuTodo-la colecci\u00f3n acogedora\",\"isPartOf\":{\"@id\":\"https:\/\/keen-banzai.217-76-139-240.plesk.page\/#website\"},\"primaryImageOfPage\":{\"@id\":\"https:\/\/keen-banzai.217-76-139-240.plesk.page\/index.php\/product\/masajeador-de-madera-gear-style-de-madera-maciza\/#primaryimage\"},\"image\":{\"@id\":\"https:\/\/keen-banzai.217-76-139-240.plesk.page\/index.php\/product\/masajeador-de-madera-gear-style-de-madera-maciza\/#primaryimage\"},\"thumbnailUrl\":\"https:\/\/keen-banzai.217-76-139-240.plesk.page\/wp-content\/uploads\/2023\/12\/massager-222.jpg\",\"datePublished\":\"2023-12-12T18:12:11+00:00\",\"dateModified\":\"2025-10-15T19:07:15+00:00\",\"description\":\"Descubra la relajaci\u00f3n definitiva con nuestro masajeador Gear Style. Fabricado en madera maciza, este masajeador ergon\u00f3mico alivia la tensi\u00f3n y mejora la circulaci\u00f3n. Ideal para aliviar los m\u00fasculos doloridos, combina la artesan\u00eda tradicional con un dise\u00f1o moderno para una experiencia verdaderamente rejuvenecedora.\",\"breadcrumb\":{\"@id\":\"https:\/\/keen-banzai.217-76-139-240.plesk.page\/index.php\/product\/masajeador-de-madera-gear-style-de-madera-maciza\/#breadcrumb\"},\"inLanguage\":\"en-US\",\"potentialAction\":[{\"@type\":\"ReadAction\",\"target\":[\"https:\/\/keen-banzai.217-76-139-240.plesk.page\/index.php\/product\/masajeador-de-madera-gear-style-de-madera-maciza\/\"]}]},{\"@type\":\"ImageObject\",\"inLanguage\":\"en-US\",\"@id\":\"https:\/\/keen-banzai.217-76-139-240.plesk.page\/index.php\/product\/masajeador-de-madera-gear-style-de-madera-maciza\/#primaryimage\",\"url\":\"https:\/\/keen-banzai.217-76-139-240.plesk.page\/wp-content\/uploads\/2023\/12\/massager-222.jpg\",\"contentUrl\":\"https:\/\/keen-banzai.217-76-139-240.plesk.page\/wp-content\/uploads\/2023\/12\/massager-222.jpg\",\"width\":1280,\"height\":720},{\"@type\":\"BreadcrumbList\",\"@id\":\"https:\/\/keen-banzai.217-76-139-240.plesk.page\/index.php\/product\/masajeador-de-madera-gear-style-de-madera-maciza\/#breadcrumb\",\"itemListElement\":[{\"@type\":\"ListItem\",\"position\":1,\"name\":\"Home\",\"item\":\"https:\/\/keen-banzai.217-76-139-240.plesk.page\/\"},{\"@type\":\"ListItem\",\"position\":2,\"name\":\"Tienda\",\"item\":\"https:\/\/keen-banzai.217-76-139-240.plesk.page\/index.php\/shop-muebles-a-medidajuegos-de-maderadecoracion-artesanal\/\"},{\"@type\":\"ListItem\",\"position\":3,\"name\":\"Masajeador de madera &#8220;Gear-Style&#8221; de madera maciza\"}]},{\"@type\":\"WebSite\",\"@id\":\"https:\/\/keen-banzai.217-76-139-240.plesk.page\/#website\",\"url\":\"https:\/\/keen-banzai.217-76-139-240.plesk.page\/\",\"name\":\"TuTodo-la colecci\u00f3n acogedora\",\"description\":\"Env\u00edo gratuito en pedidos superiores a 69.99\u20ac\",\"publisher\":{\"@id\":\"https:\/\/keen-banzai.217-76-139-240.plesk.page\/#organization\"},\"potentialAction\":[{\"@type\":\"SearchAction\",\"target\":{\"@type\":\"EntryPoint\",\"urlTemplate\":\"https:\/\/keen-banzai.217-76-139-240.plesk.page\/?s={search_term_string}\"},\"query-input\":{\"@type\":\"PropertyValueSpecification\",\"valueRequired\":true,\"valueName\":\"search_term_string\"}}],\"inLanguage\":\"en-US\"},{\"@type\":\"Organization\",\"@id\":\"https:\/\/keen-banzai.217-76-139-240.plesk.page\/#organization\",\"name\":\"TuTodo-la colecci\u00f3n acogedora\",\"url\":\"https:\/\/keen-banzai.217-76-139-240.plesk.page\/\",\"logo\":{\"@type\":\"ImageObject\",\"inLanguage\":\"en-US\",\"@id\":\"https:\/\/keen-banzai.217-76-139-240.plesk.page\/#\/schema\/logo\/image\/\",\"url\":\"https:\/\/keen-banzai.217-76-139-240.plesk.page\/wp-content\/uploads\/2025\/10\/cropped-logo-new.png\",\"contentUrl\":\"https:\/\/keen-banzai.217-76-139-240.plesk.page\/wp-content\/uploads\/2025\/10\/cropped-logo-new.png\",\"width\":746,\"height\":720,\"caption\":\"TuTodo-la colecci\u00f3n acogedora\"},\"image\":{\"@id\":\"https:\/\/keen-banzai.217-76-139-240.plesk.page\/#\/schema\/logo\/image\/\"}}]}<\/script>\n<!-- \/ Yoast SEO plugin. -->","yoast_head_json":{"title":"Masajeador de madera \"Gear-Style\" de madera maciza - TuTodo-la colecci\u00f3n acogedora","description":"Descubra la relajaci\u00f3n definitiva con nuestro masajeador Gear Style. Fabricado en madera maciza, este masajeador ergon\u00f3mico alivia la tensi\u00f3n y mejora la circulaci\u00f3n. Ideal para aliviar los m\u00fasculos doloridos, combina la artesan\u00eda tradicional con un dise\u00f1o moderno para una experiencia verdaderamente rejuvenecedora.","robots":{"index":"index","follow":"follow","max-snippet":"max-snippet:-1","max-image-preview":"max-image-preview:large","max-video-preview":"max-video-preview:-1"},"canonical":"https:\/\/keen-banzai.217-76-139-240.plesk.page\/index.php\/product\/masajeador-de-madera-gear-style-de-madera-maciza\/","og_locale":"en_US","og_type":"article","og_title":"Masajeador de madera \"Gear-Style\" de madera maciza - TuTodo-la colecci\u00f3n acogedora","og_description":"Descubra la relajaci\u00f3n definitiva con nuestro masajeador Gear Style. Fabricado en madera maciza, este masajeador ergon\u00f3mico alivia la tensi\u00f3n y mejora la circulaci\u00f3n. Ideal para aliviar los m\u00fasculos doloridos, combina la artesan\u00eda tradicional con un dise\u00f1o moderno para una experiencia verdaderamente rejuvenecedora.","og_url":"https:\/\/keen-banzai.217-76-139-240.plesk.page\/index.php\/product\/masajeador-de-madera-gear-style-de-madera-maciza\/","og_site_name":"TuTodo-la colecci\u00f3n acogedora","article_modified_time":"2025-10-15T19:07:15+00:00","og_image":[{"width":1280,"height":720,"url":"https:\/\/keen-banzai.217-76-139-240.plesk.page\/wp-content\/uploads\/2023\/12\/massager-222.jpg","type":"image\/jpeg"}],"twitter_card":"summary_large_image","twitter_misc":{"Est. reading time":"1 minute"},"schema":{"@context":"https:\/\/schema.org","@graph":[{"@type":"WebPage","@id":"https:\/\/keen-banzai.217-76-139-240.plesk.page\/index.php\/product\/masajeador-de-madera-gear-style-de-madera-maciza\/","url":"https:\/\/keen-banzai.217-76-139-240.plesk.page\/index.php\/product\/masajeador-de-madera-gear-style-de-madera-maciza\/","name":"Masajeador de madera \"Gear-Style\" de madera maciza - TuTodo-la colecci\u00f3n acogedora","isPartOf":{"@id":"https:\/\/keen-banzai.217-76-139-240.plesk.page\/#website"},"primaryImageOfPage":{"@id":"https:\/\/keen-banzai.217-76-139-240.plesk.page\/index.php\/product\/masajeador-de-madera-gear-style-de-madera-maciza\/#primaryimage"},"image":{"@id":"https:\/\/keen-banzai.217-76-139-240.plesk.page\/index.php\/product\/masajeador-de-madera-gear-style-de-madera-maciza\/#primaryimage"},"thumbnailUrl":"https:\/\/keen-banzai.217-76-139-240.plesk.page\/wp-content\/uploads\/2023\/12\/massager-222.jpg","datePublished":"2023-12-12T18:12:11+00:00","dateModified":"2025-10-15T19:07:15+00:00","description":"Descubra la relajaci\u00f3n definitiva con nuestro masajeador Gear Style. Fabricado en madera maciza, este masajeador ergon\u00f3mico alivia la tensi\u00f3n y mejora la circulaci\u00f3n. Ideal para aliviar los m\u00fasculos doloridos, combina la artesan\u00eda tradicional con un dise\u00f1o moderno para una experiencia verdaderamente rejuvenecedora.","breadcrumb":{"@id":"https:\/\/keen-banzai.217-76-139-240.plesk.page\/index.php\/product\/masajeador-de-madera-gear-style-de-madera-maciza\/#breadcrumb"},"inLanguage":"en-US","potentialAction":[{"@type":"ReadAction","target":["https:\/\/keen-banzai.217-76-139-240.plesk.page\/index.php\/product\/masajeador-de-madera-gear-style-de-madera-maciza\/"]}]},{"@type":"ImageObject","inLanguage":"en-US","@id":"https:\/\/keen-banzai.217-76-139-240.plesk.page\/index.php\/product\/masajeador-de-madera-gear-style-de-madera-maciza\/#primaryimage","url":"https:\/\/keen-banzai.217-76-139-240.plesk.page\/wp-content\/uploads\/2023\/12\/massager-222.jpg","contentUrl":"https:\/\/keen-banzai.217-76-139-240.plesk.page\/wp-content\/uploads\/2023\/12\/massager-222.jpg","width":1280,"height":720},{"@type":"BreadcrumbList","@id":"https:\/\/keen-banzai.217-76-139-240.plesk.page\/index.php\/product\/masajeador-de-madera-gear-style-de-madera-maciza\/#breadcrumb","itemListElement":[{"@type":"ListItem","position":1,"name":"Home","item":"https:\/\/keen-banzai.217-76-139-240.plesk.page\/"},{"@type":"ListItem","position":2,"name":"Tienda","item":"https:\/\/keen-banzai.217-76-139-240.plesk.page\/index.php\/shop-muebles-a-medidajuegos-de-maderadecoracion-artesanal\/"},{"@type":"ListItem","position":3,"name":"Masajeador de madera &#8220;Gear-Style&#8221; de madera maciza"}]},{"@type":"WebSite","@id":"https:\/\/keen-banzai.217-76-139-240.plesk.page\/#website","url":"https:\/\/keen-banzai.217-76-139-240.plesk.page\/","name":"TuTodo-la colecci\u00f3n acogedora","description":"Env\u00edo gratuito en pedidos superiores a 69.99\u20ac","publisher":{"@id":"https:\/\/keen-banzai.217-76-139-240.plesk.page\/#organization"},"potentialAction":[{"@type":"SearchAction","target":{"@type":"EntryPoint","urlTemplate":"https:\/\/keen-banzai.217-76-139-240.plesk.page\/?s={search_term_string}"},"query-input":{"@type":"PropertyValueSpecification","valueRequired":true,"valueName":"search_term_string"}}],"inLanguage":"en-US"},{"@type":"Organization","@id":"https:\/\/keen-banzai.217-76-139-240.plesk.page\/#organization","name":"TuTodo-la colecci\u00f3n acogedora","url":"https:\/\/keen-banzai.217-76-139-240.plesk.page\/","logo":{"@type":"ImageObject","inLanguage":"en-US","@id":"https:\/\/keen-banzai.217-76-139-240.plesk.page\/#\/schema\/logo\/image\/","url":"https:\/\/keen-banzai.217-76-139-240.plesk.page\/wp-content\/uploads\/2025\/10\/cropped-logo-new.png","contentUrl":"https:\/\/keen-banzai.217-76-139-240.plesk.page\/wp-content\/uploads\/2025\/10\/cropped-logo-new.png","width":746,"height":720,"caption":"TuTodo-la colecci\u00f3n acogedora"},"image":{"@id":"https:\/\/keen-banzai.217-76-139-240.plesk.page\/#\/schema\/logo\/image\/"}}]}},"wc_booster_product_categories":[{"id":49,"name":"GENTE"}],"wc_booster_product_price":"<span class=\"woocommerce-Price-amount amount\"><bdi>28,95&nbsp;<span class=\"woocommerce-Price-currencySymbol\">&euro;<\/span><\/bdi><\/span>","wc_booster_product_rating":"","wc_booster_product_banner_img":false,"wc_booster_product_reviews":[],"wc_booster_product_stock_data":{"manage_stock":true,"total_stock":1,"sold_stock":1},"_links":{"self":[{"href":"https:\/\/keen-banzai.217-76-139-240.plesk.page\/index.php\/wp-json\/wp\/v2\/product\/16","targetHints":{"allow":["GET"]}}],"collection":[{"href":"https:\/\/keen-banzai.217-76-139-240.plesk.page\/index.php\/wp-json\/wp\/v2\/product"}],"about":[{"href":"https:\/\/keen-banzai.217-76-139-240.plesk.page\/index.php\/wp-json\/wp\/v2\/types\/product"}],"replies":[{"embeddable":true,"href":"https:\/\/keen-banzai.217-76-139-240.plesk.page\/index.php\/wp-json\/wp\/v2\/comments?post=16"}],"wp:featuredmedia":[{"embeddable":true,"href":"https:\/\/keen-banzai.217-76-139-240.plesk.page\/index.php\/wp-json\/wp\/v2\/media\/1524"}],"wp:attachment":[{"href":"https:\/\/keen-banzai.217-76-139-240.plesk.page\/index.php\/wp-json\/wp\/v2\/media?parent=16"}],"wp:term":[{"taxonomy":"product_brand","embeddable":true,"href":"https:\/\/keen-banzai.217-76-139-240.plesk.page\/index.php\/wp-json\/wp\/v2\/product_brand?post=16"},{"taxonomy":"product_cat","embeddable":true,"href":"https:\/\/keen-banzai.217-76-139-240.plesk.page\/index.php\/wp-json\/wp\/v2\/product_cat?post=16"},{"taxonomy":"product_tag","embeddable":true,"href":"https:\/\/keen-banzai.217-76-139-240.plesk.page\/index.php\/wp-json\/wp\/v2\/product_tag?post=16"}],"curies":[{"name":"wp","href":"https:\/\/api.w.org\/{rel}","templated":true}]}}