{"id":1324,"date":"2024-10-17T20:01:36","date_gmt":"2024-10-17T10:01:36","guid":{"rendered":"https:\/\/keen-banzai.217-76-139-240.plesk.page\/?page_id=1324"},"modified":"2025-10-10T04:47:49","modified_gmt":"2025-10-09T18:47:49","slug":"comprar-cualquier-cosa-en-linea","status":"publish","type":"page","link":"https:\/\/keen-banzai.217-76-139-240.plesk.page\/","title":{"rendered":"Inicio"},"content":{"rendered":"\n<figure class=\"wp-block-pullquote has-black-color has-text-color has-link-color has-large-font-size wp-elements-3020d56d0633340304aad422f1957d51 has-background\" style=\"margin-top:var(--wp--preset--spacing--40);margin-right:var(--wp--preset--spacing--40);margin-bottom:var(--wp--preset--spacing--40);margin-left:var(--wp--preset--spacing--40);padding-top:var(--wp--preset--spacing--30);padding-right:0;padding-bottom:var(--wp--preset--spacing--30);padding-left:0;background-image:url(&apos;https:\/\/keen-banzai.217-76-139-240.plesk.page\/wp-content\/uploads\/2023\/12\/Photoroom-20241015_204543.webp&apos;);background-position:50% 50%;background-repeat:no-repeat;background-size:contain;background-attachment:scroll;\"><blockquote><p>Todo lo que tu hogar necesita: en un solo lugar<br>Desde muebles elegantes y accesorios duraderos hasta juegos, gadgets y equipos para una vida activa, TUTODO es tu destino ideal para todo lo relacionado con el hogar.<\/p><\/blockquote><\/figure>\n\n\n\n<p class=\"has-medium-font-size\"><\/p>\n\n\n\n<p><\/p>\n","protected":false},"excerpt":{"rendered":"<p>Todo lo que tu hogar necesita: en un solo lugarDesde muebles elegantes y accesorios duraderos hasta juegos, gadgets y equipos para una vida activa, TUTODO es tu destino ideal para todo lo relacionado con el hogar.<\/p>\n","protected":false},"author":1,"featured_media":0,"parent":0,"menu_order":0,"comment_status":"closed","ping_status":"closed","template":"","meta":{"footnotes":""},"class_list":["post-1324","page","type-page","status-publish","hentry"],"yoast_head":"<!-- This site is optimized with the Yoast SEO plugin v26.2 - https:\/\/yoast.com\/wordpress\/plugins\/seo\/ -->\n<title>Compra cualquier cosa en l\u00ednea: asequible, r\u00e1pido y f\u00e1cil<\/title>\n<meta name=\"description\" content=\"Tienda en l\u00ednea todo en uno para todo lo que necesitas: \u00a1compra ahora las mejores ofertas en tecnolog\u00eda, moda, art\u00edculos para el hogar y m\u00e1s!\" \/>\n<meta name=\"robots\" content=\"index, follow, max-snippet:-1, max-image-preview:large, max-video-preview:-1\" \/>\n<link rel=\"canonical\" href=\"https:\/\/keen-banzai.217-76-139-240.plesk.page\/\" \/>\n<meta property=\"og:locale\" content=\"en_US\" \/>\n<meta property=\"og:type\" content=\"article\" \/>\n<meta property=\"og:title\" content=\"Compra cualquier cosa en l\u00ednea: asequible, r\u00e1pido y f\u00e1cil\" \/>\n<meta property=\"og:description\" content=\"Tienda en l\u00ednea todo en uno para todo lo que necesitas: \u00a1compra ahora las mejores ofertas en tecnolog\u00eda, moda, art\u00edculos para el hogar y m\u00e1s!\" \/>\n<meta property=\"og:url\" content=\"https:\/\/keen-banzai.217-76-139-240.plesk.page\/\" \/>\n<meta property=\"og:site_name\" content=\"TuTodo-la colecci\u00f3n acogedora\" \/>\n<meta property=\"article:modified_time\" content=\"2025-10-09T18:47:49+00:00\" \/>\n<meta name=\"twitter:card\" content=\"summary_large_image\" \/>\n<script type=\"application\/ld+json\" class=\"yoast-schema-graph\">{\"@context\":\"https:\/\/schema.org\",\"@graph\":[{\"@type\":\"WebPage\",\"@id\":\"https:\/\/keen-banzai.217-76-139-240.plesk.page\/\",\"url\":\"https:\/\/keen-banzai.217-76-139-240.plesk.page\/\",\"name\":\"Compra cualquier cosa en l\u00ednea: asequible, r\u00e1pido y f\u00e1cil\",\"isPartOf\":{\"@id\":\"https:\/\/keen-banzai.217-76-139-240.plesk.page\/#website\"},\"datePublished\":\"2024-10-17T10:01:36+00:00\",\"dateModified\":\"2025-10-09T18:47:49+00:00\",\"description\":\"Tienda en l\u00ednea todo en uno para todo lo que necesitas: \u00a1compra ahora las mejores ofertas en tecnolog\u00eda, moda, art\u00edculos para el hogar y m\u00e1s!\",\"breadcrumb\":{\"@id\":\"https:\/\/keen-banzai.217-76-139-240.plesk.page\/#breadcrumb\"},\"inLanguage\":\"en-US\",\"potentialAction\":[{\"@type\":\"ReadAction\",\"target\":[\"https:\/\/keen-banzai.217-76-139-240.plesk.page\/\"]}]},{\"@type\":\"BreadcrumbList\",\"@id\":\"https:\/\/keen-banzai.217-76-139-240.plesk.page\/#breadcrumb\",\"itemListElement\":[{\"@type\":\"ListItem\",\"position\":1,\"name\":\"Home\",\"item\":\"https:\/\/keen-banzai.217-76-139-240.plesk.page\/\"},{\"@type\":\"ListItem\",\"position\":2,\"name\":\"Inicio\"}]},{\"@type\":\"WebSite\",\"@id\":\"https:\/\/keen-banzai.217-76-139-240.plesk.page\/#website\",\"url\":\"https:\/\/keen-banzai.217-76-139-240.plesk.page\/\",\"name\":\"TuTodo-la colecci\u00f3n acogedora\",\"description\":\"Env\u00edo gratuito en pedidos superiores a 69.99\u20ac\",\"publisher\":{\"@id\":\"https:\/\/keen-banzai.217-76-139-240.plesk.page\/#organization\"},\"potentialAction\":[{\"@type\":\"SearchAction\",\"target\":{\"@type\":\"EntryPoint\",\"urlTemplate\":\"https:\/\/keen-banzai.217-76-139-240.plesk.page\/?s={search_term_string}\"},\"query-input\":{\"@type\":\"PropertyValueSpecification\",\"valueRequired\":true,\"valueName\":\"search_term_string\"}}],\"inLanguage\":\"en-US\"},{\"@type\":\"Organization\",\"@id\":\"https:\/\/keen-banzai.217-76-139-240.plesk.page\/#organization\",\"name\":\"TuTodo-la colecci\u00f3n acogedora\",\"url\":\"https:\/\/keen-banzai.217-76-139-240.plesk.page\/\",\"logo\":{\"@type\":\"ImageObject\",\"inLanguage\":\"en-US\",\"@id\":\"https:\/\/keen-banzai.217-76-139-240.plesk.page\/#\/schema\/logo\/image\/\",\"url\":\"https:\/\/keen-banzai.217-76-139-240.plesk.page\/wp-content\/uploads\/2025\/10\/cropped-logo-new.png\",\"contentUrl\":\"https:\/\/keen-banzai.217-76-139-240.plesk.page\/wp-content\/uploads\/2025\/10\/cropped-logo-new.png\",\"width\":746,\"height\":720,\"caption\":\"TuTodo-la colecci\u00f3n acogedora\"},\"image\":{\"@id\":\"https:\/\/keen-banzai.217-76-139-240.plesk.page\/#\/schema\/logo\/image\/\"}}]}<\/script>\n<!-- \/ Yoast SEO plugin. -->","yoast_head_json":{"title":"Compra cualquier cosa en l\u00ednea: asequible, r\u00e1pido y f\u00e1cil","description":"Tienda en l\u00ednea todo en uno para todo lo que necesitas: \u00a1compra ahora las mejores ofertas en tecnolog\u00eda, moda, art\u00edculos para el hogar y m\u00e1s!","robots":{"index":"index","follow":"follow","max-snippet":"max-snippet:-1","max-image-preview":"max-image-preview:large","max-video-preview":"max-video-preview:-1"},"canonical":"https:\/\/keen-banzai.217-76-139-240.plesk.page\/","og_locale":"en_US","og_type":"article","og_title":"Compra cualquier cosa en l\u00ednea: asequible, r\u00e1pido y f\u00e1cil","og_description":"Tienda en l\u00ednea todo en uno para todo lo que necesitas: \u00a1compra ahora las mejores ofertas en tecnolog\u00eda, moda, art\u00edculos para el hogar y m\u00e1s!","og_url":"https:\/\/keen-banzai.217-76-139-240.plesk.page\/","og_site_name":"TuTodo-la colecci\u00f3n acogedora","article_modified_time":"2025-10-09T18:47:49+00:00","twitter_card":"summary_large_image","schema":{"@context":"https:\/\/schema.org","@graph":[{"@type":"WebPage","@id":"https:\/\/keen-banzai.217-76-139-240.plesk.page\/","url":"https:\/\/keen-banzai.217-76-139-240.plesk.page\/","name":"Compra cualquier cosa en l\u00ednea: asequible, r\u00e1pido y f\u00e1cil","isPartOf":{"@id":"https:\/\/keen-banzai.217-76-139-240.plesk.page\/#website"},"datePublished":"2024-10-17T10:01:36+00:00","dateModified":"2025-10-09T18:47:49+00:00","description":"Tienda en l\u00ednea todo en uno para todo lo que necesitas: \u00a1compra ahora las mejores ofertas en tecnolog\u00eda, moda, art\u00edculos para el hogar y m\u00e1s!","breadcrumb":{"@id":"https:\/\/keen-banzai.217-76-139-240.plesk.page\/#breadcrumb"},"inLanguage":"en-US","potentialAction":[{"@type":"ReadAction","target":["https:\/\/keen-banzai.217-76-139-240.plesk.page\/"]}]},{"@type":"BreadcrumbList","@id":"https:\/\/keen-banzai.217-76-139-240.plesk.page\/#breadcrumb","itemListElement":[{"@type":"ListItem","position":1,"name":"Home","item":"https:\/\/keen-banzai.217-76-139-240.plesk.page\/"},{"@type":"ListItem","position":2,"name":"Inicio"}]},{"@type":"WebSite","@id":"https:\/\/keen-banzai.217-76-139-240.plesk.page\/#website","url":"https:\/\/keen-banzai.217-76-139-240.plesk.page\/","name":"TuTodo-la colecci\u00f3n acogedora","description":"Env\u00edo gratuito en pedidos superiores a 69.99\u20ac","publisher":{"@id":"https:\/\/keen-banzai.217-76-139-240.plesk.page\/#organization"},"potentialAction":[{"@type":"SearchAction","target":{"@type":"EntryPoint","urlTemplate":"https:\/\/keen-banzai.217-76-139-240.plesk.page\/?s={search_term_string}"},"query-input":{"@type":"PropertyValueSpecification","valueRequired":true,"valueName":"search_term_string"}}],"inLanguage":"en-US"},{"@type":"Organization","@id":"https:\/\/keen-banzai.217-76-139-240.plesk.page\/#organization","name":"TuTodo-la colecci\u00f3n acogedora","url":"https:\/\/keen-banzai.217-76-139-240.plesk.page\/","logo":{"@type":"ImageObject","inLanguage":"en-US","@id":"https:\/\/keen-banzai.217-76-139-240.plesk.page\/#\/schema\/logo\/image\/","url":"https:\/\/keen-banzai.217-76-139-240.plesk.page\/wp-content\/uploads\/2025\/10\/cropped-logo-new.png","contentUrl":"https:\/\/keen-banzai.217-76-139-240.plesk.page\/wp-content\/uploads\/2025\/10\/cropped-logo-new.png","width":746,"height":720,"caption":"TuTodo-la colecci\u00f3n acogedora"},"image":{"@id":"https:\/\/keen-banzai.217-76-139-240.plesk.page\/#\/schema\/logo\/image\/"}}]}},"_links":{"self":[{"href":"https:\/\/keen-banzai.217-76-139-240.plesk.page\/index.php\/wp-json\/wp\/v2\/pages\/1324","targetHints":{"allow":["GET"]}}],"collection":[{"href":"https:\/\/keen-banzai.217-76-139-240.plesk.page\/index.php\/wp-json\/wp\/v2\/pages"}],"about":[{"href":"https:\/\/keen-banzai.217-76-139-240.plesk.page\/index.php\/wp-json\/wp\/v2\/types\/page"}],"author":[{"embeddable":true,"href":"https:\/\/keen-banzai.217-76-139-240.plesk.page\/index.php\/wp-json\/wp\/v2\/users\/1"}],"replies":[{"embeddable":true,"href":"https:\/\/keen-banzai.217-76-139-240.plesk.page\/index.php\/wp-json\/wp\/v2\/comments?post=1324"}],"version-history":[{"count":25,"href":"https:\/\/keen-banzai.217-76-139-240.plesk.page\/index.php\/wp-json\/wp\/v2\/pages\/1324\/revisions"}],"predecessor-version":[{"id":1530,"href":"https:\/\/keen-banzai.217-76-139-240.plesk.page\/index.php\/wp-json\/wp\/v2\/pages\/1324\/revisions\/1530"}],"wp:attachment":[{"href":"https:\/\/keen-banzai.217-76-139-240.plesk.page\/index.php\/wp-json\/wp\/v2\/media?parent=1324"}],"curies":[{"name":"wp","href":"https:\/\/api.w.org\/{rel}","templated":true}]}}